{"id":1731,"date":"2026-03-15T06:07:22","date_gmt":"2026-03-15T06:07:22","guid":{"rendered":"https:\/\/prodswiss.ch\/?page_id=1731"},"modified":"2026-03-15T10:34:05","modified_gmt":"2026-03-15T10:34:05","slug":"privacy-policy","status":"publish","type":"page","link":"https:\/\/prodswiss.ch\/en\/privacy-policy\/","title":{"rendered":"Privacy Policy"},"content":{"rendered":"<div data-elementor-type=\"wp-page\" data-elementor-id=\"1731\" class=\"elementor elementor-1731\" data-elementor-post-type=\"page\">\n\t\t\t\t<section class=\"elementor-element elementor-element-6b5cc3a e-flex e-con-boxed e-con e-parent\" data-id=\"6b5cc3a\" data-element_type=\"container\" data-e-type=\"container\" data-settings=\"{&quot;background_background&quot;:&quot;classic&quot;}\">\n\t\t\t\t\t<div class=\"e-con-inner\">\n\t\t<div class=\"elementor-element elementor-element-74f1101 e-con-full e-flex e-con e-child\" data-id=\"74f1101\" data-element_type=\"container\" data-e-type=\"container\">\n\t\t<div class=\"elementor-element elementor-element-7ca5ef5 e-con-full e-flex e-con e-child\" data-id=\"7ca5ef5\" data-element_type=\"container\" data-e-type=\"container\">\n\t\t\t\t<div class=\"elementor-element elementor-element-340e05d elementor-widget elementor-widget-heading\" data-id=\"340e05d\" data-element_type=\"widget\" data-e-type=\"widget\" data-widget_type=\"heading.default\">\n\t\t\t\t\t<h1 class=\"elementor-heading-title elementor-size-default\">PRIVACY POLICY<\/h1>\t\t\t\t<\/div>\n\t\t\t\t<\/div>\n\t\t\t\t<\/div>\n\t\t\t\t\t<\/div>\n\t\t\t\t<\/section>\n\t\t<div class=\"elementor-element elementor-element-9725036 e-flex e-con-boxed e-con e-parent\" data-id=\"9725036\" data-element_type=\"container\" data-e-type=\"container\">\n\t\t\t\t\t<div class=\"e-con-inner\">\n\t\t<div class=\"elementor-element elementor-element-d5d7caf e-con-full e-flex e-con e-child\" data-id=\"d5d7caf\" data-element_type=\"container\" data-e-type=\"container\">\n\t\t\t\t<div class=\"elementor-element elementor-element-4e707c1 elementor-widget elementor-widget-text-editor\" data-id=\"4e707c1\" data-element_type=\"widget\" data-e-type=\"widget\" data-widget_type=\"text-editor.default\">\n\t\t\t\t\t\t\t\t\t<p><span dir=\"ltr\" role=\"presentation\">This Privacy Policy explains how Prodswiss collects, uses, and <\/span><span dir=\"ltr\" role=\"presentation\">protects personal data when you visit our website or <\/span><span dir=\"ltr\" role=\"presentation\">contact us.<\/span><\/p>\t\t\t\t\t\t\t\t<\/div>\n\t\t\t\t<div class=\"elementor-element elementor-element-27e58ee elementor-widget elementor-widget-heading\" data-id=\"27e58ee\" data-element_type=\"widget\" data-e-type=\"widget\" data-widget_type=\"heading.default\">\n\t\t\t\t\t<h3 class=\"elementor-heading-title elementor-size-default\">1. Data Controller<\/h3>\t\t\t\t<\/div>\n\t\t\t\t<div class=\"elementor-element elementor-element-f52d402 elementor-widget elementor-widget-text-editor\" data-id=\"f52d402\" data-element_type=\"widget\" data-e-type=\"widget\" data-widget_type=\"text-editor.default\">\n\t\t\t\t\t\t\t\t\t<p>Prodswiss<br \/>Email: info@prodswiss.ch<\/p>\t\t\t\t\t\t\t\t<\/div>\n\t\t\t\t<div class=\"elementor-element elementor-element-3617acd elementor-widget elementor-widget-heading\" data-id=\"3617acd\" data-element_type=\"widget\" data-e-type=\"widget\" data-widget_type=\"heading.default\">\n\t\t\t\t\t<h3 class=\"elementor-heading-title elementor-size-default\">2. Information We Collect<\/h3>\t\t\t\t<\/div>\n\t\t\t\t<div class=\"elementor-element elementor-element-f3b1d76 elementor-widget elementor-widget-text-editor\" data-id=\"f3b1d76\" data-element_type=\"widget\" data-e-type=\"widget\" data-widget_type=\"text-editor.default\">\n\t\t\t\t\t\t\t\t\t<p>We may collect information when you:<\/p><ul><li><span dir=\"ltr\" role=\"presentation\">contact us by email<\/span><\/li><li><span dir=\"ltr\" role=\"presentation\">submit a form on our website<\/span><\/li><li><span dir=\"ltr\" role=\"presentation\">request a quote or information<\/span><\/li><\/ul>\t\t\t\t\t\t\t\t<\/div>\n\t\t\t\t<div class=\"elementor-element elementor-element-07eaaf9 elementor-widget elementor-widget-text-editor\" data-id=\"07eaaf9\" data-element_type=\"widget\" data-e-type=\"widget\" data-widget_type=\"text-editor.default\">\n\t\t\t\t\t\t\t\t\t<p>The information collected may include:<\/p><ul><li><span dir=\"ltr\" role=\"presentation\">name<\/span><\/li><li><span dir=\"ltr\" role=\"presentation\">email address<\/span><\/li><li><span dir=\"ltr\" role=\"presentation\">phone number<\/span><\/li><li><span dir=\"ltr\" role=\"presentation\">company name<\/span><\/li><li><span dir=\"ltr\" role=\"presentation\">project information<\/span><\/li><\/ul>\t\t\t\t\t\t\t\t<\/div>\n\t\t\t\t<div class=\"elementor-element elementor-element-180666f elementor-widget elementor-widget-text-editor\" data-id=\"180666f\" data-element_type=\"widget\" data-e-type=\"widget\" data-widget_type=\"text-editor.default\">\n\t\t\t\t\t\t\t\t\t<p>Certain technical data may also be collected automatically when you visit our\nwebsite, such as:<\/p><ul><li><span dir=\"ltr\" role=\"presentation\">IP address<\/span><\/li><li><span dir=\"ltr\" role=\"presentation\">browser type<\/span><\/li><li><span dir=\"ltr\" role=\"presentation\">pages visited<\/span><\/li><\/ul>\t\t\t\t\t\t\t\t<\/div>\n\t\t\t\t<div class=\"elementor-element elementor-element-65534b5 elementor-widget elementor-widget-heading\" data-id=\"65534b5\" data-element_type=\"widget\" data-e-type=\"widget\" data-widget_type=\"heading.default\">\n\t\t\t\t\t<h3 class=\"elementor-heading-title elementor-size-default\">3. Use of Data<\/h3>\t\t\t\t<\/div>\n\t\t\t\t<div class=\"elementor-element elementor-element-3cfead5 elementor-widget elementor-widget-text-editor\" data-id=\"3cfead5\" data-element_type=\"widget\" data-e-type=\"widget\" data-widget_type=\"text-editor.default\">\n\t\t\t\t\t\t\t\t\t<p>The collected data is used only to:<\/p><ul><li><span dir=\"ltr\" role=\"presentation\">respond<\/span> <span dir=\"ltr\" role=\"presentation\">to your inquiries<\/span><\/li><li><span dir=\"ltr\" role=\"presentation\">provide video production services<\/span><\/li><li><span dir=\"ltr\" role=\"presentation\">communicate with you regarding projects<\/span><\/li><\/ul>\t\t\t\t\t\t\t\t<\/div>\n\t\t\t\t<div class=\"elementor-element elementor-element-a2444f6 elementor-widget elementor-widget-heading\" data-id=\"a2444f6\" data-element_type=\"widget\" data-e-type=\"widget\" data-widget_type=\"heading.default\">\n\t\t\t\t\t<h3 class=\"elementor-heading-title elementor-size-default\">4. Data Sharing<\/h3>\t\t\t\t<\/div>\n\t\t\t\t<div class=\"elementor-element elementor-element-fc0dd14 elementor-widget elementor-widget-text-editor\" data-id=\"fc0dd14\" data-element_type=\"widget\" data-e-type=\"widget\" data-widget_type=\"text-editor.default\">\n\t\t\t\t\t\t\t\t\t<p><span dir=\"ltr\" role=\"presentation\">Prodswiss does not sell or rent personal data.<\/span> <span dir=\"ltr\" role=\"presentation\">personnelles.<\/span><br role=\"presentation\" \/><span dir=\"ltr\" role=\"presentation\">Data may only be shared with <\/span><span dir=\"ltr\" role=\"presentation\">service providers<\/span><span dir=\"ltr\" role=\"presentation\">necessary for operating the website<\/span> <span dir=\"ltr\" role=\"presentation\">(hosting,<\/span> <span dir=\"ltr\" role=\"presentation\">email services, etc.).<\/span><\/p>\t\t\t\t\t\t\t\t<\/div>\n\t\t\t\t<div class=\"elementor-element elementor-element-f46c28a elementor-widget elementor-widget-heading\" data-id=\"f46c28a\" data-element_type=\"widget\" data-e-type=\"widget\" data-widget_type=\"heading.default\">\n\t\t\t\t\t<h3 class=\"elementor-heading-title elementor-size-default\">5. Data Retention<\/h3>\t\t\t\t<\/div>\n\t\t\t\t<div class=\"elementor-element elementor-element-450d277 elementor-widget elementor-widget-text-editor\" data-id=\"450d277\" data-element_type=\"widget\" data-e-type=\"widget\" data-widget_type=\"text-editor.default\">\n\t\t\t\t\t\t\t\t\t<p><span dir=\"ltr\" role=\"presentation\">Personal data is stored<\/span> <span dir=\"ltr\" role=\"presentation\">only for as long as <\/span><span dir=\"ltr\" role=\"presentation\">necessary to respond to your request or provide our services.<\/span><\/p>\t\t\t\t\t\t\t\t<\/div>\n\t\t\t\t<div class=\"elementor-element elementor-element-6afc27d elementor-widget elementor-widget-heading\" data-id=\"6afc27d\" data-element_type=\"widget\" data-e-type=\"widget\" data-widget_type=\"heading.default\">\n\t\t\t\t\t<h3 class=\"elementor-heading-title elementor-size-default\">6. Security<\/h3>\t\t\t\t<\/div>\n\t\t\t\t<div class=\"elementor-element elementor-element-cf432f9 elementor-widget elementor-widget-text-editor\" data-id=\"cf432f9\" data-element_type=\"widget\" data-e-type=\"widget\" data-widget_type=\"text-editor.default\">\n\t\t\t\t\t\t\t\t\t<p><span dir=\"ltr\" role=\"presentation\">We implement reasonable technical and organizational <\/span><span dir=\"ltr\" role=\"presentation\">measures to protect personal data against <\/span><span dir=\"ltr\" role=\"presentation\">unauthorized access<\/span> <span dir=\"ltr\" role=\"presentation\">, loss, or misuse.<\/span><\/p>\t\t\t\t\t\t\t\t<\/div>\n\t\t\t\t<div class=\"elementor-element elementor-element-fbc2b90 elementor-widget elementor-widget-heading\" data-id=\"fbc2b90\" data-element_type=\"widget\" data-e-type=\"widget\" data-widget_type=\"heading.default\">\n\t\t\t\t\t<h3 class=\"elementor-heading-title elementor-size-default\">7. Your Rights<\/h3>\t\t\t\t<\/div>\n\t\t\t\t<div class=\"elementor-element elementor-element-6d89238 elementor-widget elementor-widget-text-editor\" data-id=\"6d89238\" data-element_type=\"widget\" data-e-type=\"widget\" data-widget_type=\"text-editor.default\">\n\t\t\t\t\t\t\t\t\t<p>Under applicable data protection laws, you may request:<\/p><ul><li><span dir=\"ltr\" role=\"presentation\">access to your personal data<\/span><\/li><li><span dir=\"ltr\" role=\"presentation\">correction of your data<\/span><\/li><li>deletion of your data<\/li><\/ul><p><span dir=\"ltr\" role=\"presentation\">To exercise these rights, please contact us at: info@prodswiss.ch<\/span><\/p>\t\t\t\t\t\t\t\t<\/div>\n\t\t\t\t<\/div>\n\t\t\t\t\t<\/div>\n\t\t\t\t<\/div>\n\t\t\t\t<\/div>","protected":false},"excerpt":{"rendered":"<p>POLITIQUE DE CONFIDENTIALIT\u00c9 Cette politique de confidentialit\u00e9 explique comment Prodswiss collecte, utilise et prot\u00e8ge les donn\u00e9es personnelles lorsque vous visitez notre site web ou nous contactez. 1. Responsable du traitement ProdswissEmail: info@prodswiss.ch 2. Donn\u00e9es collect\u00e9es Nous pouvons collecter certaines informations lorsque vous : nous contactez par email remplissez un formulaire sur notre site demandez un [&hellip;]<\/p>\n","protected":false},"author":2,"featured_media":0,"parent":0,"menu_order":0,"comment_status":"closed","ping_status":"closed","template":"","meta":{"_acf_changed":false,"footnotes":""},"class_list":["post-1731","page","type-page","status-publish","hentry"],"acf":[],"yoast_head":"<!-- This site is optimized with the Yoast SEO plugin v27.2 - https:\/\/yoast.com\/product\/yoast-seo-wordpress\/ -->\n<title>Privacy Policy - Prodswiss<\/title>\n<meta name=\"robots\" content=\"index, follow, max-snippet:-1, max-image-preview:large, max-video-preview:-1\" \/>\n<link rel=\"canonical\" href=\"https:\/\/prodswiss.ch\/en\/privacy-policy\/\" \/>\n<meta property=\"og:locale\" content=\"en_US\" \/>\n<meta property=\"og:type\" content=\"article\" \/>\n<meta property=\"og:title\" content=\"Privacy Policy - Prodswiss\" \/>\n<meta property=\"og:description\" content=\"POLITIQUE DE CONFIDENTIALIT\u00c9 Cette politique de confidentialit\u00e9 explique comment Prodswiss collecte, utilise et prot\u00e8ge les donn\u00e9es personnelles lorsque vous visitez notre site web ou nous contactez. 1. Responsable du traitement ProdswissEmail: info@prodswiss.ch 2. Donn\u00e9es collect\u00e9es Nous pouvons collecter certaines informations lorsque vous : nous contactez par email remplissez un formulaire sur notre site demandez un [&hellip;]\" \/>\n<meta property=\"og:url\" content=\"https:\/\/prodswiss.ch\/en\/privacy-policy\/\" \/>\n<meta property=\"og:site_name\" content=\"Prodswiss\" \/>\n<meta property=\"article:modified_time\" content=\"2026-03-15T10:34:05+00:00\" \/>\n<meta name=\"twitter:card\" content=\"summary_large_image\" \/>\n<meta name=\"twitter:label1\" content=\"Est. reading time\" \/>\n\t<meta name=\"twitter:data1\" content=\"2 minutes\" \/>\n<script type=\"application\/ld+json\" class=\"yoast-schema-graph\">{\"@context\":\"https:\/\/schema.org\",\"@graph\":[{\"@type\":\"WebPage\",\"@id\":\"https:\/\/prodswiss.ch\/privacy-policy\/\",\"url\":\"https:\/\/prodswiss.ch\/privacy-policy\/\",\"name\":\"Privacy Policy - Prodswiss\",\"isPartOf\":{\"@id\":\"https:\/\/prodswiss.ch\/#website\"},\"datePublished\":\"2026-03-15T06:07:22+00:00\",\"dateModified\":\"2026-03-15T10:34:05+00:00\",\"breadcrumb\":{\"@id\":\"https:\/\/prodswiss.ch\/privacy-policy\/#breadcrumb\"},\"inLanguage\":\"en-US\",\"potentialAction\":[{\"@type\":\"ReadAction\",\"target\":[\"https:\/\/prodswiss.ch\/privacy-policy\/\"]}]},{\"@type\":\"BreadcrumbList\",\"@id\":\"https:\/\/prodswiss.ch\/privacy-policy\/#breadcrumb\",\"itemListElement\":[{\"@type\":\"ListItem\",\"position\":1,\"name\":\"Home\",\"item\":\"https:\/\/prodswiss.ch\/\"},{\"@type\":\"ListItem\",\"position\":2,\"name\":\"Privacy Policy\"}]},{\"@type\":\"WebSite\",\"@id\":\"https:\/\/prodswiss.ch\/#website\",\"url\":\"https:\/\/prodswiss.ch\/\",\"name\":\"Prodswiss\",\"description\":\"\",\"publisher\":{\"@id\":\"https:\/\/prodswiss.ch\/#organization\"},\"potentialAction\":[{\"@type\":\"SearchAction\",\"target\":{\"@type\":\"EntryPoint\",\"urlTemplate\":\"https:\/\/prodswiss.ch\/?s={search_term_string}\"},\"query-input\":{\"@type\":\"PropertyValueSpecification\",\"valueRequired\":true,\"valueName\":\"search_term_string\"}}],\"inLanguage\":\"en-US\"},{\"@type\":\"Organization\",\"@id\":\"https:\/\/prodswiss.ch\/#organization\",\"name\":\"Prodswiss\",\"url\":\"https:\/\/prodswiss.ch\/\",\"logo\":{\"@type\":\"ImageObject\",\"inLanguage\":\"en-US\",\"@id\":\"https:\/\/prodswiss.ch\/#\/schema\/logo\/image\/\",\"url\":\"https:\/\/prodswiss.ch\/wp-content\/uploads\/2025\/11\/logo.svg\",\"contentUrl\":\"https:\/\/prodswiss.ch\/wp-content\/uploads\/2025\/11\/logo.svg\",\"width\":246,\"height\":50,\"caption\":\"Prodswiss\"},\"image\":{\"@id\":\"https:\/\/prodswiss.ch\/#\/schema\/logo\/image\/\"}}]}<\/script>\n<!-- \/ Yoast SEO plugin. -->","yoast_head_json":{"title":"Privacy Policy - Prodswiss","robots":{"index":"index","follow":"follow","max-snippet":"max-snippet:-1","max-image-preview":"max-image-preview:large","max-video-preview":"max-video-preview:-1"},"canonical":"https:\/\/prodswiss.ch\/en\/privacy-policy\/","og_locale":"en_US","og_type":"article","og_title":"Privacy Policy - Prodswiss","og_description":"POLITIQUE DE CONFIDENTIALIT\u00c9 Cette politique de confidentialit\u00e9 explique comment Prodswiss collecte, utilise et prot\u00e8ge les donn\u00e9es personnelles lorsque vous visitez notre site web ou nous contactez. 1. Responsable du traitement ProdswissEmail: info@prodswiss.ch 2. Donn\u00e9es collect\u00e9es Nous pouvons collecter certaines informations lorsque vous : nous contactez par email remplissez un formulaire sur notre site demandez un [&hellip;]","og_url":"https:\/\/prodswiss.ch\/en\/privacy-policy\/","og_site_name":"Prodswiss","article_modified_time":"2026-03-15T10:34:05+00:00","twitter_card":"summary_large_image","twitter_misc":{"Est. reading time":"2 minutes"},"schema":{"@context":"https:\/\/schema.org","@graph":[{"@type":"WebPage","@id":"https:\/\/prodswiss.ch\/privacy-policy\/","url":"https:\/\/prodswiss.ch\/privacy-policy\/","name":"Privacy Policy - Prodswiss","isPartOf":{"@id":"https:\/\/prodswiss.ch\/#website"},"datePublished":"2026-03-15T06:07:22+00:00","dateModified":"2026-03-15T10:34:05+00:00","breadcrumb":{"@id":"https:\/\/prodswiss.ch\/privacy-policy\/#breadcrumb"},"inLanguage":"en-US","potentialAction":[{"@type":"ReadAction","target":["https:\/\/prodswiss.ch\/privacy-policy\/"]}]},{"@type":"BreadcrumbList","@id":"https:\/\/prodswiss.ch\/privacy-policy\/#breadcrumb","itemListElement":[{"@type":"ListItem","position":1,"name":"Home","item":"https:\/\/prodswiss.ch\/"},{"@type":"ListItem","position":2,"name":"Privacy Policy"}]},{"@type":"WebSite","@id":"https:\/\/prodswiss.ch\/#website","url":"https:\/\/prodswiss.ch\/","name":"Prodswiss","description":"","publisher":{"@id":"https:\/\/prodswiss.ch\/#organization"},"potentialAction":[{"@type":"SearchAction","target":{"@type":"EntryPoint","urlTemplate":"https:\/\/prodswiss.ch\/?s={search_term_string}"},"query-input":{"@type":"PropertyValueSpecification","valueRequired":true,"valueName":"search_term_string"}}],"inLanguage":"en-US"},{"@type":"Organization","@id":"https:\/\/prodswiss.ch\/#organization","name":"Prodswiss","url":"https:\/\/prodswiss.ch\/","logo":{"@type":"ImageObject","inLanguage":"en-US","@id":"https:\/\/prodswiss.ch\/#\/schema\/logo\/image\/","url":"https:\/\/prodswiss.ch\/wp-content\/uploads\/2025\/11\/logo.svg","contentUrl":"https:\/\/prodswiss.ch\/wp-content\/uploads\/2025\/11\/logo.svg","width":246,"height":50,"caption":"Prodswiss"},"image":{"@id":"https:\/\/prodswiss.ch\/#\/schema\/logo\/image\/"}}]}},"_hostinger_reach_plugin_has_subscription_block":false,"_hostinger_reach_plugin_is_elementor":false,"jetpack_sharing_enabled":true,"_links":{"self":[{"href":"https:\/\/prodswiss.ch\/en\/wp-json\/wp\/v2\/pages\/1731","targetHints":{"allow":["GET"]}}],"collection":[{"href":"https:\/\/prodswiss.ch\/en\/wp-json\/wp\/v2\/pages"}],"about":[{"href":"https:\/\/prodswiss.ch\/en\/wp-json\/wp\/v2\/types\/page"}],"author":[{"embeddable":true,"href":"https:\/\/prodswiss.ch\/en\/wp-json\/wp\/v2\/users\/2"}],"replies":[{"embeddable":true,"href":"https:\/\/prodswiss.ch\/en\/wp-json\/wp\/v2\/comments?post=1731"}],"version-history":[{"count":67,"href":"https:\/\/prodswiss.ch\/en\/wp-json\/wp\/v2\/pages\/1731\/revisions"}],"predecessor-version":[{"id":1858,"href":"https:\/\/prodswiss.ch\/en\/wp-json\/wp\/v2\/pages\/1731\/revisions\/1858"}],"wp:attachment":[{"href":"https:\/\/prodswiss.ch\/en\/wp-json\/wp\/v2\/media?parent=1731"}],"curies":[{"name":"wp","href":"https:\/\/api.w.org\/{rel}","templated":true}]}}